{"id":4311,"date":"2019-09-16T20:27:44","date_gmt":"2019-09-16T18:27:44","guid":{"rendered":"http:\/\/localhost:8080\/?page_id=4311"},"modified":"2019-09-26T11:30:58","modified_gmt":"2019-09-26T09:30:58","slug":"service","status":"publish","type":"page","link":"https:\/\/www.meyer-einrichtungen.de\/?page_id=4311","title":{"rendered":"Service"},"content":{"rendered":"\n<h2 class=\"wp-block-heading\"><strong>Service &amp; professionelle Beratung als Erfolgsfaktoren von MEYER Fitness- &amp; Objekteinrichtungen<\/strong><\/h2>\n\n\n\n<p>Sie w\u00fcnschen ein eigens f\u00fcr Sie eingerichtetes Sportcenter mit allem, was dazu geh\u00f6rt? Oder Sie planen die Modernisierung ihres Fitnessstudios oder Wellnessbereichs?<\/p>\n\n\n\n<p><strong>Meyer Fitness- &amp; Objekteinrichtungen ist Ihr perfekter Ansprechpartner f\u00fcr Individualit\u00e4t!<\/strong><\/p>\n\n\n\n<p>MEYER Einrichtungen betreut Sie in professioneller Weise vom ersten Fachgespr\u00e4ch an mit unseren Beratern. In diesem Gespr\u00e4ch wollen wir mehr \u00fcber ihre Marke, Ihre W\u00fcnsche und Ihre Zielgruppe erfahren.<br><br>Gemeinsam mit Ihnen entwickeln wir ein Konzept, von dem Sie begeistert sein werden. Detailliert setzen wir die besprochenen Punkte in eine 3D-Visualisierung um, sodass Sie sich bereits Ihr Fitnessstudio sehen k\u00f6nnen. Auf diese Art und Weise schaffen wir es, dem Wunsch Ihres Traumstudios immer n\u00e4her zu kommen bis letztendlich der Startschuss f\u00fcr die (Um-)Bauphase beginnen kann.<br><br>Bei uns gibt es keine Konzepte von der Stange, denn jedes Projekt wird einzeln beleuchtet und entwickelt. Gestaltungselemente werden individuell nach Ihren W\u00fcnschen gefertigt und in des Gesamtbild Ihres Studios eingepasst. Auf diese Art und Weise schaffen wir ein einzigartiges Branding f\u00fcr Sie.<br><br><strong>W\u00e4hrend der gesamten Projektdauer sind wir Ihr Ansprechpartner!<\/strong><\/p>\n\n\n\n<p>Vom Konzept des gesamten Innenausbaus, \u00fcber die Auswahl geeigneter Handwerksunternehmen, bis hin zu detaillierten Fragen die Materialauswahl und Dekorationen betreffen haben Sie bei uns feste Projektleiter, die Ihr Vorhaben \u00fcberwachen und Ihre W\u00fcnsche ber\u00fccksichtigen. Doch damit nicht genug:<br><br><strong>Meyer Einrichtungen blickt \u00fcber den Tellerrand hinaus!<\/strong><br><br>Dank unserer jahrelangen Erfahrung haben wir viele hilfreiche Tipps f\u00fcr Sie, die weit \u00fcber die Gestaltung der Inneneinrichtung hinausgehen. Im punkto Zeiteffizienz versuchen wir, Ihnen m\u00f6glichst lange Bauphasen zu ersparen. Dies erreichen wir durch ausgereifte Zeitplanung und dem ausgiebigen Briefing aller eingesetzten Dienstleiter.<br><br>In Marketingfragen stehen wir Ihnen sehr gerne zur Verf\u00fcgung, denn wir sind nicht nur Ihre Fachberater f\u00fcr den Innenausbau, sondern sorgen auch f\u00fcr Werbung z.B. aus Au\u00dfenfassaden. Sprechen Sie uns gerne auf die M\u00f6glichkeiten an!<br><br>Das gesamte Team von MEYER Fitness- &amp; Objekteinrichtungen freut sich auf spannende Projekte!<\/p>\n\n\n\n<ul class=\"wp-block-gallery columns-3 is-cropped wp-block-gallery-1 is-layout-flex wp-block-gallery-is-layout-flex\"><li class=\"blocks-gallery-item\"><figure><img fetchpriority=\"high\" decoding=\"async\" width=\"640\" height=\"358\" src=\"https:\/\/www.meyer-einrichtungen.de\/wp-content\/uploads\/2019\/09\/IMG_1806.jpg\" alt=\"\" data-id=\"4331\" data-link=\"https:\/\/www.meyer-einrichtungen.de\/?attachment_id=4331\" class=\"wp-image-4331\" srcset=\"https:\/\/www.meyer-einrichtungen.de\/wp-content\/uploads\/2019\/09\/IMG_1806.jpg 640w, https:\/\/www.meyer-einrichtungen.de\/wp-content\/uploads\/2019\/09\/IMG_1806-300x168.jpg 300w\" sizes=\"(max-width: 640px) 100vw, 640px\" \/><\/figure><\/li><li class=\"blocks-gallery-item\"><figure><img decoding=\"async\" width=\"640\" height=\"358\" src=\"https:\/\/www.meyer-einrichtungen.de\/wp-content\/uploads\/2019\/09\/IMG_1807.jpg\" alt=\"\" data-id=\"4332\" data-link=\"https:\/\/www.meyer-einrichtungen.de\/?attachment_id=4332\" class=\"wp-image-4332\" srcset=\"https:\/\/www.meyer-einrichtungen.de\/wp-content\/uploads\/2019\/09\/IMG_1807.jpg 640w, https:\/\/www.meyer-einrichtungen.de\/wp-content\/uploads\/2019\/09\/IMG_1807-300x168.jpg 300w\" sizes=\"(max-width: 640px) 100vw, 640px\" \/><\/figure><\/li><li class=\"blocks-gallery-item\"><figure><img decoding=\"async\" width=\"640\" height=\"358\" src=\"https:\/\/www.meyer-einrichtungen.de\/wp-content\/uploads\/2019\/09\/IMG_1808.jpg\" alt=\"\" data-id=\"4333\" data-link=\"https:\/\/www.meyer-einrichtungen.de\/?attachment_id=4333\" class=\"wp-image-4333\" srcset=\"https:\/\/www.meyer-einrichtungen.de\/wp-content\/uploads\/2019\/09\/IMG_1808.jpg 640w, https:\/\/www.meyer-einrichtungen.de\/wp-content\/uploads\/2019\/09\/IMG_1808-300x168.jpg 300w\" sizes=\"(max-width: 640px) 100vw, 640px\" \/><\/figure><\/li><li class=\"blocks-gallery-item\"><figure><img loading=\"lazy\" decoding=\"async\" width=\"640\" height=\"358\" src=\"https:\/\/www.meyer-einrichtungen.de\/wp-content\/uploads\/2019\/09\/IMG_1810.jpg\" alt=\"\" data-id=\"4335\" data-link=\"https:\/\/www.meyer-einrichtungen.de\/?attachment_id=4335\" class=\"wp-image-4335\" srcset=\"https:\/\/www.meyer-einrichtungen.de\/wp-content\/uploads\/2019\/09\/IMG_1810.jpg 640w, https:\/\/www.meyer-einrichtungen.de\/wp-content\/uploads\/2019\/09\/IMG_1810-300x168.jpg 300w\" sizes=\"(max-width: 640px) 100vw, 640px\" \/><\/figure><\/li><li class=\"blocks-gallery-item\"><figure><img loading=\"lazy\" decoding=\"async\" width=\"640\" height=\"358\" src=\"https:\/\/www.meyer-einrichtungen.de\/wp-content\/uploads\/2019\/09\/IMG_1809.jpg\" alt=\"\" data-id=\"4334\" data-link=\"https:\/\/www.meyer-einrichtungen.de\/?attachment_id=4334\" class=\"wp-image-4334\" srcset=\"https:\/\/www.meyer-einrichtungen.de\/wp-content\/uploads\/2019\/09\/IMG_1809.jpg 640w, https:\/\/www.meyer-einrichtungen.de\/wp-content\/uploads\/2019\/09\/IMG_1809-300x168.jpg 300w\" sizes=\"(max-width: 640px) 100vw, 640px\" \/><\/figure><\/li><\/ul>\n","protected":false},"excerpt":{"rendered":"<p>Service &amp; professionelle Beratung als Erfolgsfaktoren von MEYER Fitness- &amp; Objekteinrichtungen Sie w\u00fcnschen ein eigens f\u00fcr Sie eingerichtetes Sportcenter mit allem, was dazu geh\u00f6rt? Oder Sie planen die Modernisierung ihres Fitnessstudios oder Wellnessbereichs? Meyer Fitness- &amp; Objekteinrichtungen ist Ihr perfekter Ansprechpartner f\u00fcr Individualit\u00e4t! MEYER Einrichtungen betreut Sie in professioneller Weise [&hellip;]<\/p>\n","protected":false},"author":1,"featured_media":4330,"parent":0,"menu_order":0,"comment_status":"closed","ping_status":"closed","template":"","meta":{"footnotes":""},"class_list":["post-4311","page","type-page","status-publish","has-post-thumbnail","hentry"],"jetpack_sharing_enabled":true,"_links":{"self":[{"href":"https:\/\/www.meyer-einrichtungen.de\/index.php?rest_route=\/wp\/v2\/pages\/4311","targetHints":{"allow":["GET"]}}],"collection":[{"href":"https:\/\/www.meyer-einrichtungen.de\/index.php?rest_route=\/wp\/v2\/pages"}],"about":[{"href":"https:\/\/www.meyer-einrichtungen.de\/index.php?rest_route=\/wp\/v2\/types\/page"}],"author":[{"embeddable":true,"href":"https:\/\/www.meyer-einrichtungen.de\/index.php?rest_route=\/wp\/v2\/users\/1"}],"replies":[{"embeddable":true,"href":"https:\/\/www.meyer-einrichtungen.de\/index.php?rest_route=%2Fwp%2Fv2%2Fcomments&post=4311"}],"version-history":[{"count":3,"href":"https:\/\/www.meyer-einrichtungen.de\/index.php?rest_route=\/wp\/v2\/pages\/4311\/revisions"}],"predecessor-version":[{"id":4457,"href":"https:\/\/www.meyer-einrichtungen.de\/index.php?rest_route=\/wp\/v2\/pages\/4311\/revisions\/4457"}],"wp:featuredmedia":[{"embeddable":true,"href":"https:\/\/www.meyer-einrichtungen.de\/index.php?rest_route=\/wp\/v2\/media\/4330"}],"wp:attachment":[{"href":"https:\/\/www.meyer-einrichtungen.de\/index.php?rest_route=%2Fwp%2Fv2%2Fmedia&parent=4311"}],"curies":[{"name":"wp","href":"https:\/\/api.w.org\/{rel}","templated":true}]}}