{"id":4309,"date":"2019-09-16T20:25:09","date_gmt":"2019-09-16T18:25:09","guid":{"rendered":"http:\/\/localhost:8080\/?page_id=4309"},"modified":"2019-09-26T11:28:24","modified_gmt":"2019-09-26T09:28:24","slug":"led-objekt-design-leuchten","status":"publish","type":"page","link":"https:\/\/www.meyer-einrichtungen.de\/?page_id=4309","title":{"rendered":"LED Objekt-Design-Leuchten"},"content":{"rendered":"\n<h2 class=\"wp-block-heading\"><strong>Beleuchtungskonzepte f\u00fcr Fitness- &amp; Objekteinrichtungen<\/strong><\/h2>\n\n\n\n<p>Eine Spezialit\u00e4t von Meyer Einrichtungen ist es, Beleuchtungskonzepte f\u00fcr Fitnessstudios zu entwickeln. Doch warum ist genau dieser Part ein so wichtiger Baustein zum Gelingen des Gesamtkonzepts? \u00a0<\/p>\n\n\n\n<p><strong>Beleuchtungskonzepte f\u00fcr Fitnessstudios l\u00f6sen Emotionen aus<\/strong><\/p>\n\n\n\n<p>Sicherlich haben Sie schon einmal davon geh\u00f6rt oder gelesen, dass Farben eine emotionale Wirkung auf Menschen haben. So wird beispielsweise die Farbe rot ehr als aggressiv empfunden, blau als k\u00fchl und gr\u00fcn als entspannend. Aus diesem Grund spielt das Beleuchtungskonzept f\u00fcr Fitnessstudios so eine essentielle Rolle.<br><br>Die Beleuchtung versetzt ihre G\u00e4ste in einen gewissen emotionalen Zustand, denn sie wollen am liebsten den Alltag um sich herum vergessen. Dabei wollen Sie sich gleichzeitig auspowern aber auch wohlf\u00fchlen. Dieser schmale Grad ist nicht immer ganz einfach zu treffen, daher setzen Sie auf ein gemeinsames Gespr\u00e4ch mit unseren Beratern um genau Ihre Ziele und Zielgruppe zu definieren.<br><br><strong>Beleuchtungskonzepte f\u00fcr Fitnessstudios entscheidend f\u00fcr Markenbildung<\/strong><\/p>\n\n\n\n<p>Nutzen Sie Farb- und Beleuchtungskonzepte auch f\u00fcr Ihre individuelle Markenbildung und sorgen Sie daf\u00fcr, dass Ihre G\u00e4ste sich bei Ihnen wohlf\u00fchlen. Absolut in Trend ist indirekte Beleuchtung bzw. so genanntes Ambient Light. Doch nicht nur das Farbkonzept sorgt f\u00fcr eine Markenbildung, sondern auch die Auswahl der Lampen und Beleuchtungsobjekte. Hier setzen wir auf modernes und trendiges Objektdesign, welches ebenfalls nach Ihren W\u00fcnschen gestaltet wird.<br><br><strong>Beleuchtungskonzepte f\u00fcr Fitnessstudios sorgen f\u00fcr Kostenersparnis<\/strong><br><br>Modernes Design und dabei auch noch langfristig Kosten sparen? Wir pr\u00fcfen unsere Konzepte selbstverst\u00e4ndlich auch auf Nachhaltigkeit und setzen auf sparsame LED-Technik um Ihnen auch langfristig die Stromkosten zu senken. Auf Dauer gesehen ein Faktor, den Sie nicht untersch\u00e4tzen sollten!<br><br>Setzen Sie sich durch das Zusammenspiel von Farbgebung und Objektdesign von Ihrer Konkurrenz ab und sorgen Sie daf\u00fcr, dass Ihre G\u00e4ste dieses einzigartige Ambiente genie\u00dfen!<br>Sehen Sie sich in unserer Bildergalerie einige umgesetzte<br>Beleuchtungskonzepte f\u00fcr Fitnessstudios an, die wir im Laufe unseres Bestehens erschaffen haben.<br><br>Wir freuen uns darauf, Ihnen im Beratungsgespr\u00e4ch die vielf\u00e4ltigen M\u00f6glichkeiten vorzustellen<br><br>Ihr kompetenter Partner Meyer Fitness- &amp; Objekteinrichtungen<\/p>\n\n\n\n<ul class=\"wp-block-gallery columns-3 is-cropped wp-block-gallery-1 is-layout-flex wp-block-gallery-is-layout-flex\"><li class=\"blocks-gallery-item\"><figure><img fetchpriority=\"high\" decoding=\"async\" width=\"1024\" height=\"768\" src=\"https:\/\/www.meyer-einrichtungen.de\/wp-content\/uploads\/2019\/09\/1b875681-2b83-4571-9bac-4b8160b10658-1024x768.jpg\" alt=\"\" data-id=\"4353\" data-link=\"https:\/\/www.meyer-einrichtungen.de\/?attachment_id=4353\" class=\"wp-image-4353\" srcset=\"https:\/\/www.meyer-einrichtungen.de\/wp-content\/uploads\/2019\/09\/1b875681-2b83-4571-9bac-4b8160b10658.jpg 1024w, https:\/\/www.meyer-einrichtungen.de\/wp-content\/uploads\/2019\/09\/1b875681-2b83-4571-9bac-4b8160b10658-300x225.jpg 300w, https:\/\/www.meyer-einrichtungen.de\/wp-content\/uploads\/2019\/09\/1b875681-2b83-4571-9bac-4b8160b10658-768x576.jpg 768w\" sizes=\"(max-width: 1024px) 100vw, 1024px\" \/><\/figure><\/li><li class=\"blocks-gallery-item\"><figure><img decoding=\"async\" width=\"1024\" height=\"576\" src=\"https:\/\/www.meyer-einrichtungen.de\/wp-content\/uploads\/2019\/09\/04beca93-3290-4957-8f24-f1802c1b2d81-1024x576-1024x576.jpg\" alt=\"\" data-id=\"4354\" data-link=\"https:\/\/www.meyer-einrichtungen.de\/?attachment_id=4354\" class=\"wp-image-4354\" srcset=\"https:\/\/www.meyer-einrichtungen.de\/wp-content\/uploads\/2019\/09\/04beca93-3290-4957-8f24-f1802c1b2d81-1024x576.jpg 1024w, https:\/\/www.meyer-einrichtungen.de\/wp-content\/uploads\/2019\/09\/04beca93-3290-4957-8f24-f1802c1b2d81-1024x576-300x169.jpg 300w, https:\/\/www.meyer-einrichtungen.de\/wp-content\/uploads\/2019\/09\/04beca93-3290-4957-8f24-f1802c1b2d81-1024x576-768x432.jpg 768w\" sizes=\"(max-width: 1024px) 100vw, 1024px\" \/><\/figure><\/li><li class=\"blocks-gallery-item\"><figure><img decoding=\"async\" width=\"1024\" height=\"576\" src=\"https:\/\/www.meyer-einrichtungen.de\/wp-content\/uploads\/2019\/09\/5e94df60-0cc0-4bba-af2c-5f6592c76517-1024x576-1024x576.jpg\" alt=\"\" data-id=\"4355\" data-link=\"https:\/\/www.meyer-einrichtungen.de\/?attachment_id=4355\" class=\"wp-image-4355\" srcset=\"https:\/\/www.meyer-einrichtungen.de\/wp-content\/uploads\/2019\/09\/5e94df60-0cc0-4bba-af2c-5f6592c76517-1024x576.jpg 1024w, https:\/\/www.meyer-einrichtungen.de\/wp-content\/uploads\/2019\/09\/5e94df60-0cc0-4bba-af2c-5f6592c76517-1024x576-300x169.jpg 300w, https:\/\/www.meyer-einrichtungen.de\/wp-content\/uploads\/2019\/09\/5e94df60-0cc0-4bba-af2c-5f6592c76517-1024x576-768x432.jpg 768w\" sizes=\"(max-width: 1024px) 100vw, 1024px\" \/><\/figure><\/li><li class=\"blocks-gallery-item\"><figure><img loading=\"lazy\" decoding=\"async\" width=\"1024\" height=\"768\" src=\"https:\/\/www.meyer-einrichtungen.de\/wp-content\/uploads\/2019\/09\/4621ffa1-8592-461c-8b2f-2d2916afabd9-1024x768.jpg\" alt=\"\" data-id=\"4356\" data-link=\"https:\/\/www.meyer-einrichtungen.de\/?attachment_id=4356\" class=\"wp-image-4356\" srcset=\"https:\/\/www.meyer-einrichtungen.de\/wp-content\/uploads\/2019\/09\/4621ffa1-8592-461c-8b2f-2d2916afabd9.jpg 1024w, https:\/\/www.meyer-einrichtungen.de\/wp-content\/uploads\/2019\/09\/4621ffa1-8592-461c-8b2f-2d2916afabd9-300x225.jpg 300w, https:\/\/www.meyer-einrichtungen.de\/wp-content\/uploads\/2019\/09\/4621ffa1-8592-461c-8b2f-2d2916afabd9-768x576.jpg 768w\" sizes=\"(max-width: 1024px) 100vw, 1024px\" \/><\/figure><\/li><li class=\"blocks-gallery-item\"><figure><img loading=\"lazy\" decoding=\"async\" width=\"1024\" height=\"768\" src=\"https:\/\/www.meyer-einrichtungen.de\/wp-content\/uploads\/2019\/09\/bbdd129b-e0cc-4c48-b475-4abb617d56d7-1024x768.jpg\" alt=\"\" data-id=\"4357\" data-link=\"https:\/\/www.meyer-einrichtungen.de\/?attachment_id=4357\" class=\"wp-image-4357\" srcset=\"https:\/\/www.meyer-einrichtungen.de\/wp-content\/uploads\/2019\/09\/bbdd129b-e0cc-4c48-b475-4abb617d56d7.jpg 1024w, https:\/\/www.meyer-einrichtungen.de\/wp-content\/uploads\/2019\/09\/bbdd129b-e0cc-4c48-b475-4abb617d56d7-300x225.jpg 300w, https:\/\/www.meyer-einrichtungen.de\/wp-content\/uploads\/2019\/09\/bbdd129b-e0cc-4c48-b475-4abb617d56d7-768x576.jpg 768w\" sizes=\"(max-width: 1024px) 100vw, 1024px\" \/><\/figure><\/li><li class=\"blocks-gallery-item\"><figure><img loading=\"lazy\" decoding=\"async\" width=\"1024\" height=\"768\" src=\"https:\/\/www.meyer-einrichtungen.de\/wp-content\/uploads\/2019\/09\/bcb70825-5719-4729-9e83-d752cce124d0-1024x768.jpg\" alt=\"\" data-id=\"4358\" data-link=\"https:\/\/www.meyer-einrichtungen.de\/?attachment_id=4358\" class=\"wp-image-4358\" srcset=\"https:\/\/www.meyer-einrichtungen.de\/wp-content\/uploads\/2019\/09\/bcb70825-5719-4729-9e83-d752cce124d0.jpg 1024w, https:\/\/www.meyer-einrichtungen.de\/wp-content\/uploads\/2019\/09\/bcb70825-5719-4729-9e83-d752cce124d0-300x225.jpg 300w, https:\/\/www.meyer-einrichtungen.de\/wp-content\/uploads\/2019\/09\/bcb70825-5719-4729-9e83-d752cce124d0-768x576.jpg 768w\" sizes=\"(max-width: 1024px) 100vw, 1024px\" \/><\/figure><\/li><li class=\"blocks-gallery-item\"><figure><img loading=\"lazy\" decoding=\"async\" width=\"1024\" height=\"768\" src=\"https:\/\/www.meyer-einrichtungen.de\/wp-content\/uploads\/2019\/09\/c1c17eb6-4d56-49fd-9721-71204c19e486-1024x768.jpg\" alt=\"\" data-id=\"4359\" data-link=\"https:\/\/www.meyer-einrichtungen.de\/?attachment_id=4359\" class=\"wp-image-4359\" srcset=\"https:\/\/www.meyer-einrichtungen.de\/wp-content\/uploads\/2019\/09\/c1c17eb6-4d56-49fd-9721-71204c19e486.jpg 1024w, https:\/\/www.meyer-einrichtungen.de\/wp-content\/uploads\/2019\/09\/c1c17eb6-4d56-49fd-9721-71204c19e486-300x225.jpg 300w, https:\/\/www.meyer-einrichtungen.de\/wp-content\/uploads\/2019\/09\/c1c17eb6-4d56-49fd-9721-71204c19e486-768x576.jpg 768w\" sizes=\"(max-width: 1024px) 100vw, 1024px\" \/><\/figure><\/li><li class=\"blocks-gallery-item\"><figure><img loading=\"lazy\" decoding=\"async\" width=\"1024\" height=\"768\" src=\"https:\/\/www.meyer-einrichtungen.de\/wp-content\/uploads\/2019\/09\/cc7316f7-2a27-4f62-ac3c-02b8b5758750-1024x768.jpg\" alt=\"\" data-id=\"4360\" data-link=\"https:\/\/www.meyer-einrichtungen.de\/?attachment_id=4360\" class=\"wp-image-4360\" srcset=\"https:\/\/www.meyer-einrichtungen.de\/wp-content\/uploads\/2019\/09\/cc7316f7-2a27-4f62-ac3c-02b8b5758750.jpg 1024w, https:\/\/www.meyer-einrichtungen.de\/wp-content\/uploads\/2019\/09\/cc7316f7-2a27-4f62-ac3c-02b8b5758750-300x225.jpg 300w, https:\/\/www.meyer-einrichtungen.de\/wp-content\/uploads\/2019\/09\/cc7316f7-2a27-4f62-ac3c-02b8b5758750-768x576.jpg 768w\" sizes=\"(max-width: 1024px) 100vw, 1024px\" \/><\/figure><\/li><li class=\"blocks-gallery-item\"><figure><img loading=\"lazy\" decoding=\"async\" width=\"1024\" height=\"768\" src=\"https:\/\/www.meyer-einrichtungen.de\/wp-content\/uploads\/2019\/09\/df47a49a-f110-4226-a86e-092ad461e82c-1024x768.jpg\" alt=\"\" data-id=\"4361\" data-link=\"https:\/\/www.meyer-einrichtungen.de\/?attachment_id=4361\" class=\"wp-image-4361\" srcset=\"https:\/\/www.meyer-einrichtungen.de\/wp-content\/uploads\/2019\/09\/df47a49a-f110-4226-a86e-092ad461e82c.jpg 1024w, https:\/\/www.meyer-einrichtungen.de\/wp-content\/uploads\/2019\/09\/df47a49a-f110-4226-a86e-092ad461e82c-300x225.jpg 300w, https:\/\/www.meyer-einrichtungen.de\/wp-content\/uploads\/2019\/09\/df47a49a-f110-4226-a86e-092ad461e82c-768x576.jpg 768w\" sizes=\"(max-width: 1024px) 100vw, 1024px\" \/><\/figure><\/li><li class=\"blocks-gallery-item\"><figure><img loading=\"lazy\" decoding=\"async\" width=\"1024\" height=\"768\" src=\"https:\/\/www.meyer-einrichtungen.de\/wp-content\/uploads\/2019\/09\/IMG_1048-1024x768-1024x768.jpg\" alt=\"\" data-id=\"4362\" data-link=\"https:\/\/www.meyer-einrichtungen.de\/?attachment_id=4362\" class=\"wp-image-4362\" srcset=\"https:\/\/www.meyer-einrichtungen.de\/wp-content\/uploads\/2019\/09\/IMG_1048-1024x768.jpg 1024w, https:\/\/www.meyer-einrichtungen.de\/wp-content\/uploads\/2019\/09\/IMG_1048-1024x768-300x225.jpg 300w, https:\/\/www.meyer-einrichtungen.de\/wp-content\/uploads\/2019\/09\/IMG_1048-1024x768-768x576.jpg 768w\" sizes=\"(max-width: 1024px) 100vw, 1024px\" \/><\/figure><\/li><li class=\"blocks-gallery-item\"><figure><img loading=\"lazy\" decoding=\"async\" width=\"1024\" height=\"768\" src=\"https:\/\/www.meyer-einrichtungen.de\/wp-content\/uploads\/2019\/09\/IMG_1111-1024x768-1024x768.jpg\" alt=\"\" data-id=\"4363\" data-link=\"https:\/\/www.meyer-einrichtungen.de\/?attachment_id=4363\" class=\"wp-image-4363\" srcset=\"https:\/\/www.meyer-einrichtungen.de\/wp-content\/uploads\/2019\/09\/IMG_1111-1024x768.jpg 1024w, https:\/\/www.meyer-einrichtungen.de\/wp-content\/uploads\/2019\/09\/IMG_1111-1024x768-300x225.jpg 300w, https:\/\/www.meyer-einrichtungen.de\/wp-content\/uploads\/2019\/09\/IMG_1111-1024x768-768x576.jpg 768w\" sizes=\"(max-width: 1024px) 100vw, 1024px\" \/><\/figure><\/li><li class=\"blocks-gallery-item\"><figure><img loading=\"lazy\" decoding=\"async\" width=\"1024\" height=\"768\" src=\"https:\/\/www.meyer-einrichtungen.de\/wp-content\/uploads\/2019\/09\/IMG_1113-1024x768-1024x768.jpg\" alt=\"\" data-id=\"4364\" data-link=\"https:\/\/www.meyer-einrichtungen.de\/?attachment_id=4364\" class=\"wp-image-4364\" srcset=\"https:\/\/www.meyer-einrichtungen.de\/wp-content\/uploads\/2019\/09\/IMG_1113-1024x768.jpg 1024w, https:\/\/www.meyer-einrichtungen.de\/wp-content\/uploads\/2019\/09\/IMG_1113-1024x768-300x225.jpg 300w, https:\/\/www.meyer-einrichtungen.de\/wp-content\/uploads\/2019\/09\/IMG_1113-1024x768-768x576.jpg 768w\" sizes=\"(max-width: 1024px) 100vw, 1024px\" \/><\/figure><\/li><li class=\"blocks-gallery-item\"><figure><img loading=\"lazy\" decoding=\"async\" width=\"1024\" height=\"680\" src=\"https:\/\/www.meyer-einrichtungen.de\/wp-content\/uploads\/2019\/09\/IMG_1114-1024x680-1024x680.jpg\" alt=\"\" data-id=\"4365\" data-link=\"https:\/\/www.meyer-einrichtungen.de\/?attachment_id=4365\" class=\"wp-image-4365\" srcset=\"https:\/\/www.meyer-einrichtungen.de\/wp-content\/uploads\/2019\/09\/IMG_1114-1024x680.jpg 1024w, https:\/\/www.meyer-einrichtungen.de\/wp-content\/uploads\/2019\/09\/IMG_1114-1024x680-300x199.jpg 300w, https:\/\/www.meyer-einrichtungen.de\/wp-content\/uploads\/2019\/09\/IMG_1114-1024x680-768x510.jpg 768w, https:\/\/www.meyer-einrichtungen.de\/wp-content\/uploads\/2019\/09\/IMG_1114-1024x680-360x240.jpg 360w\" sizes=\"(max-width: 1024px) 100vw, 1024px\" \/><\/figure><\/li><li class=\"blocks-gallery-item\"><figure><img loading=\"lazy\" decoding=\"async\" width=\"1024\" height=\"680\" src=\"https:\/\/www.meyer-einrichtungen.de\/wp-content\/uploads\/2019\/09\/IMG_1115-1024x680-1024x680.jpg\" alt=\"\" data-id=\"4366\" data-link=\"https:\/\/www.meyer-einrichtungen.de\/?attachment_id=4366\" class=\"wp-image-4366\" srcset=\"https:\/\/www.meyer-einrichtungen.de\/wp-content\/uploads\/2019\/09\/IMG_1115-1024x680.jpg 1024w, https:\/\/www.meyer-einrichtungen.de\/wp-content\/uploads\/2019\/09\/IMG_1115-1024x680-300x199.jpg 300w, https:\/\/www.meyer-einrichtungen.de\/wp-content\/uploads\/2019\/09\/IMG_1115-1024x680-768x510.jpg 768w, https:\/\/www.meyer-einrichtungen.de\/wp-content\/uploads\/2019\/09\/IMG_1115-1024x680-360x240.jpg 360w\" sizes=\"(max-width: 1024px) 100vw, 1024px\" \/><\/figure><\/li><li class=\"blocks-gallery-item\"><figure><img loading=\"lazy\" decoding=\"async\" width=\"640\" height=\"480\" src=\"https:\/\/www.meyer-einrichtungen.de\/wp-content\/uploads\/2019\/09\/IMG_1210.jpg\" alt=\"\" data-id=\"4367\" data-link=\"https:\/\/www.meyer-einrichtungen.de\/?attachment_id=4367\" class=\"wp-image-4367\" srcset=\"https:\/\/www.meyer-einrichtungen.de\/wp-content\/uploads\/2019\/09\/IMG_1210.jpg 640w, https:\/\/www.meyer-einrichtungen.de\/wp-content\/uploads\/2019\/09\/IMG_1210-300x225.jpg 300w\" sizes=\"(max-width: 640px) 100vw, 640px\" \/><\/figure><\/li><li class=\"blocks-gallery-item\"><figure><img loading=\"lazy\" decoding=\"async\" width=\"1024\" height=\"768\" src=\"https:\/\/www.meyer-einrichtungen.de\/wp-content\/uploads\/2019\/09\/IMG_1252-1024x768-1024x768.jpg\" alt=\"\" data-id=\"4368\" data-link=\"https:\/\/www.meyer-einrichtungen.de\/?attachment_id=4368\" class=\"wp-image-4368\" srcset=\"https:\/\/www.meyer-einrichtungen.de\/wp-content\/uploads\/2019\/09\/IMG_1252-1024x768.jpg 1024w, https:\/\/www.meyer-einrichtungen.de\/wp-content\/uploads\/2019\/09\/IMG_1252-1024x768-300x225.jpg 300w, https:\/\/www.meyer-einrichtungen.de\/wp-content\/uploads\/2019\/09\/IMG_1252-1024x768-768x576.jpg 768w\" sizes=\"(max-width: 1024px) 100vw, 1024px\" \/><\/figure><\/li><li class=\"blocks-gallery-item\"><figure><img loading=\"lazy\" decoding=\"async\" width=\"960\" height=\"720\" src=\"https:\/\/www.meyer-einrichtungen.de\/wp-content\/uploads\/2019\/09\/IMG_1463.jpg\" alt=\"\" data-id=\"4369\" data-link=\"https:\/\/www.meyer-einrichtungen.de\/?attachment_id=4369\" class=\"wp-image-4369\" srcset=\"https:\/\/www.meyer-einrichtungen.de\/wp-content\/uploads\/2019\/09\/IMG_1463.jpg 960w, https:\/\/www.meyer-einrichtungen.de\/wp-content\/uploads\/2019\/09\/IMG_1463-300x225.jpg 300w, https:\/\/www.meyer-einrichtungen.de\/wp-content\/uploads\/2019\/09\/IMG_1463-768x576.jpg 768w\" sizes=\"(max-width: 960px) 100vw, 960px\" \/><\/figure><\/li><li class=\"blocks-gallery-item\"><figure><img loading=\"lazy\" decoding=\"async\" width=\"1024\" height=\"768\" src=\"https:\/\/www.meyer-einrichtungen.de\/wp-content\/uploads\/2019\/09\/IMG_1466-1024x768-1024x768.jpg\" alt=\"\" data-id=\"4370\" data-link=\"https:\/\/www.meyer-einrichtungen.de\/?attachment_id=4370\" class=\"wp-image-4370\" srcset=\"https:\/\/www.meyer-einrichtungen.de\/wp-content\/uploads\/2019\/09\/IMG_1466-1024x768.jpg 1024w, https:\/\/www.meyer-einrichtungen.de\/wp-content\/uploads\/2019\/09\/IMG_1466-1024x768-300x225.jpg 300w, https:\/\/www.meyer-einrichtungen.de\/wp-content\/uploads\/2019\/09\/IMG_1466-1024x768-768x576.jpg 768w\" sizes=\"(max-width: 1024px) 100vw, 1024px\" \/><\/figure><\/li><li class=\"blocks-gallery-item\"><figure><img loading=\"lazy\" decoding=\"async\" width=\"1024\" height=\"768\" src=\"https:\/\/www.meyer-einrichtungen.de\/wp-content\/uploads\/2019\/09\/IMG_1480-1024x768-1024x768.jpg\" alt=\"\" data-id=\"4371\" data-link=\"https:\/\/www.meyer-einrichtungen.de\/?attachment_id=4371\" class=\"wp-image-4371\" srcset=\"https:\/\/www.meyer-einrichtungen.de\/wp-content\/uploads\/2019\/09\/IMG_1480-1024x768.jpg 1024w, https:\/\/www.meyer-einrichtungen.de\/wp-content\/uploads\/2019\/09\/IMG_1480-1024x768-300x225.jpg 300w, https:\/\/www.meyer-einrichtungen.de\/wp-content\/uploads\/2019\/09\/IMG_1480-1024x768-768x576.jpg 768w\" sizes=\"(max-width: 1024px) 100vw, 1024px\" \/><\/figure><\/li><li class=\"blocks-gallery-item\"><figure><img loading=\"lazy\" decoding=\"async\" width=\"1024\" height=\"768\" src=\"https:\/\/www.meyer-einrichtungen.de\/wp-content\/uploads\/2019\/09\/IMG_1487-1024x768-1024x768.jpg\" alt=\"\" data-id=\"4372\" data-link=\"https:\/\/www.meyer-einrichtungen.de\/?attachment_id=4372\" class=\"wp-image-4372\" srcset=\"https:\/\/www.meyer-einrichtungen.de\/wp-content\/uploads\/2019\/09\/IMG_1487-1024x768.jpg 1024w, https:\/\/www.meyer-einrichtungen.de\/wp-content\/uploads\/2019\/09\/IMG_1487-1024x768-300x225.jpg 300w, https:\/\/www.meyer-einrichtungen.de\/wp-content\/uploads\/2019\/09\/IMG_1487-1024x768-768x576.jpg 768w\" sizes=\"(max-width: 1024px) 100vw, 1024px\" \/><\/figure><\/li><li class=\"blocks-gallery-item\"><figure><img loading=\"lazy\" decoding=\"async\" width=\"1024\" height=\"768\" src=\"https:\/\/www.meyer-einrichtungen.de\/wp-content\/uploads\/2019\/09\/IMG_1491-1024x768-1024x768.jpg\" alt=\"\" data-id=\"4373\" data-link=\"https:\/\/www.meyer-einrichtungen.de\/?attachment_id=4373\" class=\"wp-image-4373\" srcset=\"https:\/\/www.meyer-einrichtungen.de\/wp-content\/uploads\/2019\/09\/IMG_1491-1024x768.jpg 1024w, https:\/\/www.meyer-einrichtungen.de\/wp-content\/uploads\/2019\/09\/IMG_1491-1024x768-300x225.jpg 300w, https:\/\/www.meyer-einrichtungen.de\/wp-content\/uploads\/2019\/09\/IMG_1491-1024x768-768x576.jpg 768w\" sizes=\"(max-width: 1024px) 100vw, 1024px\" \/><\/figure><\/li><li class=\"blocks-gallery-item\"><figure><img loading=\"lazy\" decoding=\"async\" width=\"1024\" height=\"768\" src=\"https:\/\/www.meyer-einrichtungen.de\/wp-content\/uploads\/2019\/09\/IMG_1520-1024x768-1024x768.jpg\" alt=\"\" data-id=\"4374\" data-link=\"https:\/\/www.meyer-einrichtungen.de\/?attachment_id=4374\" class=\"wp-image-4374\" srcset=\"https:\/\/www.meyer-einrichtungen.de\/wp-content\/uploads\/2019\/09\/IMG_1520-1024x768.jpg 1024w, https:\/\/www.meyer-einrichtungen.de\/wp-content\/uploads\/2019\/09\/IMG_1520-1024x768-300x225.jpg 300w, https:\/\/www.meyer-einrichtungen.de\/wp-content\/uploads\/2019\/09\/IMG_1520-1024x768-768x576.jpg 768w\" sizes=\"(max-width: 1024px) 100vw, 1024px\" \/><\/figure><\/li><li class=\"blocks-gallery-item\"><figure><img loading=\"lazy\" decoding=\"async\" width=\"1024\" height=\"768\" src=\"https:\/\/www.meyer-einrichtungen.de\/wp-content\/uploads\/2019\/09\/IMG_2464-1024x768-1024x768.jpg\" alt=\"\" data-id=\"4375\" data-link=\"https:\/\/www.meyer-einrichtungen.de\/?attachment_id=4375\" class=\"wp-image-4375\" srcset=\"https:\/\/www.meyer-einrichtungen.de\/wp-content\/uploads\/2019\/09\/IMG_2464-1024x768.jpg 1024w, https:\/\/www.meyer-einrichtungen.de\/wp-content\/uploads\/2019\/09\/IMG_2464-1024x768-300x225.jpg 300w, https:\/\/www.meyer-einrichtungen.de\/wp-content\/uploads\/2019\/09\/IMG_2464-1024x768-768x576.jpg 768w\" sizes=\"(max-width: 1024px) 100vw, 1024px\" \/><\/figure><\/li><li class=\"blocks-gallery-item\"><figure><img loading=\"lazy\" decoding=\"async\" width=\"640\" height=\"480\" src=\"https:\/\/www.meyer-einrichtungen.de\/wp-content\/uploads\/2019\/09\/IMG_2874.jpg\" alt=\"\" data-id=\"4376\" data-link=\"https:\/\/www.meyer-einrichtungen.de\/?attachment_id=4376\" class=\"wp-image-4376\" srcset=\"https:\/\/www.meyer-einrichtungen.de\/wp-content\/uploads\/2019\/09\/IMG_2874.jpg 640w, https:\/\/www.meyer-einrichtungen.de\/wp-content\/uploads\/2019\/09\/IMG_2874-300x225.jpg 300w\" sizes=\"(max-width: 640px) 100vw, 640px\" \/><\/figure><\/li><li class=\"blocks-gallery-item\"><figure><img loading=\"lazy\" decoding=\"async\" width=\"1024\" height=\"768\" src=\"https:\/\/www.meyer-einrichtungen.de\/wp-content\/uploads\/2019\/09\/IMG_2907-1024x768-1024x768.jpg\" alt=\"\" data-id=\"4377\" data-link=\"https:\/\/www.meyer-einrichtungen.de\/?attachment_id=4377\" class=\"wp-image-4377\" srcset=\"https:\/\/www.meyer-einrichtungen.de\/wp-content\/uploads\/2019\/09\/IMG_2907-1024x768.jpg 1024w, https:\/\/www.meyer-einrichtungen.de\/wp-content\/uploads\/2019\/09\/IMG_2907-1024x768-300x225.jpg 300w, https:\/\/www.meyer-einrichtungen.de\/wp-content\/uploads\/2019\/09\/IMG_2907-1024x768-768x576.jpg 768w\" sizes=\"(max-width: 1024px) 100vw, 1024px\" \/><\/figure><\/li><li class=\"blocks-gallery-item\"><figure><img loading=\"lazy\" decoding=\"async\" width=\"1024\" height=\"768\" src=\"https:\/\/www.meyer-einrichtungen.de\/wp-content\/uploads\/2019\/09\/IMG_3317-1024x768-1024x768.jpg\" alt=\"\" data-id=\"4378\" data-link=\"https:\/\/www.meyer-einrichtungen.de\/?attachment_id=4378\" class=\"wp-image-4378\" srcset=\"https:\/\/www.meyer-einrichtungen.de\/wp-content\/uploads\/2019\/09\/IMG_3317-1024x768.jpg 1024w, https:\/\/www.meyer-einrichtungen.de\/wp-content\/uploads\/2019\/09\/IMG_3317-1024x768-300x225.jpg 300w, https:\/\/www.meyer-einrichtungen.de\/wp-content\/uploads\/2019\/09\/IMG_3317-1024x768-768x576.jpg 768w\" sizes=\"(max-width: 1024px) 100vw, 1024px\" \/><\/figure><\/li><li class=\"blocks-gallery-item\"><figure><img loading=\"lazy\" decoding=\"async\" width=\"640\" height=\"480\" src=\"https:\/\/www.meyer-einrichtungen.de\/wp-content\/uploads\/2019\/09\/IMG_9522.jpg\" alt=\"\" data-id=\"4379\" data-link=\"https:\/\/www.meyer-einrichtungen.de\/?attachment_id=4379\" class=\"wp-image-4379\" srcset=\"https:\/\/www.meyer-einrichtungen.de\/wp-content\/uploads\/2019\/09\/IMG_9522.jpg 640w, https:\/\/www.meyer-einrichtungen.de\/wp-content\/uploads\/2019\/09\/IMG_9522-300x225.jpg 300w\" sizes=\"(max-width: 640px) 100vw, 640px\" \/><\/figure><\/li><\/ul>\n","protected":false},"excerpt":{"rendered":"<p>Beleuchtungskonzepte f\u00fcr Fitness- &amp; Objekteinrichtungen Eine Spezialit\u00e4t von Meyer Einrichtungen ist es, Beleuchtungskonzepte f\u00fcr Fitnessstudios zu entwickeln. Doch warum ist genau dieser Part ein so wichtiger Baustein zum Gelingen des Gesamtkonzepts? \u00a0 Beleuchtungskonzepte f\u00fcr Fitnessstudios l\u00f6sen Emotionen aus Sicherlich haben Sie schon einmal davon geh\u00f6rt oder gelesen, dass Farben eine [&hellip;]<\/p>\n","protected":false},"author":1,"featured_media":4330,"parent":4305,"menu_order":0,"comment_status":"closed","ping_status":"closed","template":"","meta":{"footnotes":""},"class_list":["post-4309","page","type-page","status-publish","has-post-thumbnail","hentry"],"jetpack_sharing_enabled":true,"_links":{"self":[{"href":"https:\/\/www.meyer-einrichtungen.de\/index.php?rest_route=\/wp\/v2\/pages\/4309","targetHints":{"allow":["GET"]}}],"collection":[{"href":"https:\/\/www.meyer-einrichtungen.de\/index.php?rest_route=\/wp\/v2\/pages"}],"about":[{"href":"https:\/\/www.meyer-einrichtungen.de\/index.php?rest_route=\/wp\/v2\/types\/page"}],"author":[{"embeddable":true,"href":"https:\/\/www.meyer-einrichtungen.de\/index.php?rest_route=\/wp\/v2\/users\/1"}],"replies":[{"embeddable":true,"href":"https:\/\/www.meyer-einrichtungen.de\/index.php?rest_route=%2Fwp%2Fv2%2Fcomments&post=4309"}],"version-history":[{"count":3,"href":"https:\/\/www.meyer-einrichtungen.de\/index.php?rest_route=\/wp\/v2\/pages\/4309\/revisions"}],"predecessor-version":[{"id":4456,"href":"https:\/\/www.meyer-einrichtungen.de\/index.php?rest_route=\/wp\/v2\/pages\/4309\/revisions\/4456"}],"up":[{"embeddable":true,"href":"https:\/\/www.meyer-einrichtungen.de\/index.php?rest_route=\/wp\/v2\/pages\/4305"}],"wp:featuredmedia":[{"embeddable":true,"href":"https:\/\/www.meyer-einrichtungen.de\/index.php?rest_route=\/wp\/v2\/media\/4330"}],"wp:attachment":[{"href":"https:\/\/www.meyer-einrichtungen.de\/index.php?rest_route=%2Fwp%2Fv2%2Fmedia&parent=4309"}],"curies":[{"name":"wp","href":"https:\/\/api.w.org\/{rel}","templated":true}]}}