{"id":4307,"date":"2019-09-16T20:24:27","date_gmt":"2019-09-16T18:24:27","guid":{"rendered":"http:\/\/localhost:8080\/?page_id=4307"},"modified":"2025-06-23T22:17:59","modified_gmt":"2025-06-23T20:17:59","slug":"bodenbelaege","status":"publish","type":"page","link":"https:\/\/www.meyer-einrichtungen.de\/?page_id=4307","title":{"rendered":"Fuss-Bodenbel\u00e4ge"},"content":{"rendered":"\n<h2 class=\"wp-block-heading\"><strong>Bodenbel\u00e4ge f\u00fcr Ihre Fitness- Gesundheitseinrichtung<\/strong><\/h2>\n\n\n\n<p><\/p>\n\n\n\n<p><strong>Bodenbel\u00e4ge im Sportbereich<\/strong>! Gummiboden oder Vinylbelag<\/p>\n\n\n\n<p><br><br>Ihr kompetente Partner Meyer Fitness- &amp; Objekteinrichtungen<\/p>\n\n\n\n<figure class=\"wp-block-gallery has-nested-images columns-default is-cropped wp-block-gallery-1 is-layout-flex wp-block-gallery-is-layout-flex\">\n<figure class=\"wp-block-image\"><img fetchpriority=\"high\" decoding=\"async\" width=\"1024\" height=\"768\" data-id=\"4341\" src=\"https:\/\/www.meyer-einrichtungen.de\/wp-content\/uploads\/2019\/09\/5ead7502-47ec-4c86-a325-b4a36af49c5f-1024x768-1024x768.jpg\" alt=\"\" class=\"wp-image-4341\" srcset=\"https:\/\/www.meyer-einrichtungen.de\/wp-content\/uploads\/2019\/09\/5ead7502-47ec-4c86-a325-b4a36af49c5f-1024x768.jpg 1024w, https:\/\/www.meyer-einrichtungen.de\/wp-content\/uploads\/2019\/09\/5ead7502-47ec-4c86-a325-b4a36af49c5f-1024x768-300x225.jpg 300w, https:\/\/www.meyer-einrichtungen.de\/wp-content\/uploads\/2019\/09\/5ead7502-47ec-4c86-a325-b4a36af49c5f-1024x768-768x576.jpg 768w\" sizes=\"(max-width: 1024px) 100vw, 1024px\" \/><\/figure>\n\n\n\n<figure class=\"wp-block-image\"><img decoding=\"async\" width=\"768\" height=\"1024\" data-id=\"4342\" src=\"https:\/\/www.meyer-einrichtungen.de\/wp-content\/uploads\/2019\/09\/41e16455-7ad2-4cd8-aab0-cf8d69b7fde4-768x1024-768x1024.jpg\" alt=\"\" class=\"wp-image-4342\" srcset=\"https:\/\/www.meyer-einrichtungen.de\/wp-content\/uploads\/2019\/09\/41e16455-7ad2-4cd8-aab0-cf8d69b7fde4-768x1024.jpg 768w, https:\/\/www.meyer-einrichtungen.de\/wp-content\/uploads\/2019\/09\/41e16455-7ad2-4cd8-aab0-cf8d69b7fde4-768x1024-225x300.jpg 225w\" sizes=\"(max-width: 768px) 100vw, 768px\" \/><\/figure>\n\n\n\n<figure class=\"wp-block-image\"><img decoding=\"async\" width=\"1024\" height=\"768\" data-id=\"4343\" src=\"https:\/\/www.meyer-einrichtungen.de\/wp-content\/uploads\/2019\/09\/c6ca2ce9-4050-464b-aa00-ebc48e61a2db-e1549385739522-1024x768.jpg\" alt=\"\" class=\"wp-image-4343\" srcset=\"https:\/\/www.meyer-einrichtungen.de\/wp-content\/uploads\/2019\/09\/c6ca2ce9-4050-464b-aa00-ebc48e61a2db-e1549385739522.jpg 1024w, https:\/\/www.meyer-einrichtungen.de\/wp-content\/uploads\/2019\/09\/c6ca2ce9-4050-464b-aa00-ebc48e61a2db-e1549385739522-300x225.jpg 300w, https:\/\/www.meyer-einrichtungen.de\/wp-content\/uploads\/2019\/09\/c6ca2ce9-4050-464b-aa00-ebc48e61a2db-e1549385739522-768x576.jpg 768w\" sizes=\"(max-width: 1024px) 100vw, 1024px\" \/><\/figure>\n\n\n\n<figure class=\"wp-block-image\"><img loading=\"lazy\" decoding=\"async\" width=\"1024\" height=\"768\" data-id=\"4344\" src=\"https:\/\/www.meyer-einrichtungen.de\/wp-content\/uploads\/2019\/09\/ecce16ad-9426-4b87-9018-e656b60841b4-1024x768.jpg\" alt=\"\" class=\"wp-image-4344\" srcset=\"https:\/\/www.meyer-einrichtungen.de\/wp-content\/uploads\/2019\/09\/ecce16ad-9426-4b87-9018-e656b60841b4.jpg 1024w, https:\/\/www.meyer-einrichtungen.de\/wp-content\/uploads\/2019\/09\/ecce16ad-9426-4b87-9018-e656b60841b4-300x225.jpg 300w, https:\/\/www.meyer-einrichtungen.de\/wp-content\/uploads\/2019\/09\/ecce16ad-9426-4b87-9018-e656b60841b4-768x576.jpg 768w\" sizes=\"(max-width: 1024px) 100vw, 1024px\" \/><\/figure>\n\n\n\n<figure class=\"wp-block-image\"><img loading=\"lazy\" decoding=\"async\" width=\"720\" height=\"960\" data-id=\"4345\" src=\"https:\/\/www.meyer-einrichtungen.de\/wp-content\/uploads\/2019\/09\/IMG_1127.jpg\" alt=\"\" class=\"wp-image-4345\" srcset=\"https:\/\/www.meyer-einrichtungen.de\/wp-content\/uploads\/2019\/09\/IMG_1127.jpg 720w, https:\/\/www.meyer-einrichtungen.de\/wp-content\/uploads\/2019\/09\/IMG_1127-225x300.jpg 225w\" sizes=\"(max-width: 720px) 100vw, 720px\" \/><\/figure>\n\n\n\n<figure class=\"wp-block-image\"><img loading=\"lazy\" decoding=\"async\" width=\"1024\" height=\"768\" data-id=\"4346\" src=\"https:\/\/www.meyer-einrichtungen.de\/wp-content\/uploads\/2019\/09\/IMG_1339-1024x768-1024x768.jpg\" alt=\"\" class=\"wp-image-4346\" srcset=\"https:\/\/www.meyer-einrichtungen.de\/wp-content\/uploads\/2019\/09\/IMG_1339-1024x768.jpg 1024w, https:\/\/www.meyer-einrichtungen.de\/wp-content\/uploads\/2019\/09\/IMG_1339-1024x768-300x225.jpg 300w, https:\/\/www.meyer-einrichtungen.de\/wp-content\/uploads\/2019\/09\/IMG_1339-1024x768-768x576.jpg 768w\" sizes=\"(max-width: 1024px) 100vw, 1024px\" \/><\/figure>\n\n\n\n<figure class=\"wp-block-image\"><img loading=\"lazy\" decoding=\"async\" width=\"960\" height=\"720\" data-id=\"4347\" src=\"https:\/\/www.meyer-einrichtungen.de\/wp-content\/uploads\/2019\/09\/IMG_1448.jpg\" alt=\"\" class=\"wp-image-4347\" srcset=\"https:\/\/www.meyer-einrichtungen.de\/wp-content\/uploads\/2019\/09\/IMG_1448.jpg 960w, https:\/\/www.meyer-einrichtungen.de\/wp-content\/uploads\/2019\/09\/IMG_1448-300x225.jpg 300w, https:\/\/www.meyer-einrichtungen.de\/wp-content\/uploads\/2019\/09\/IMG_1448-768x576.jpg 768w\" sizes=\"(max-width: 960px) 100vw, 960px\" \/><\/figure>\n\n\n\n<figure class=\"wp-block-image\"><img loading=\"lazy\" decoding=\"async\" width=\"960\" height=\"720\" data-id=\"4348\" src=\"https:\/\/www.meyer-einrichtungen.de\/wp-content\/uploads\/2019\/09\/IMG_1462.jpg\" alt=\"\" class=\"wp-image-4348\" srcset=\"https:\/\/www.meyer-einrichtungen.de\/wp-content\/uploads\/2019\/09\/IMG_1462.jpg 960w, https:\/\/www.meyer-einrichtungen.de\/wp-content\/uploads\/2019\/09\/IMG_1462-300x225.jpg 300w, https:\/\/www.meyer-einrichtungen.de\/wp-content\/uploads\/2019\/09\/IMG_1462-768x576.jpg 768w\" sizes=\"(max-width: 960px) 100vw, 960px\" \/><\/figure>\n\n\n\n<figure class=\"wp-block-image\"><img loading=\"lazy\" decoding=\"async\" width=\"1024\" height=\"768\" data-id=\"4349\" src=\"https:\/\/www.meyer-einrichtungen.de\/wp-content\/uploads\/2019\/09\/IMG_1725-1024x768-1024x768.jpg\" alt=\"\" class=\"wp-image-4349\" srcset=\"https:\/\/www.meyer-einrichtungen.de\/wp-content\/uploads\/2019\/09\/IMG_1725-1024x768.jpg 1024w, https:\/\/www.meyer-einrichtungen.de\/wp-content\/uploads\/2019\/09\/IMG_1725-1024x768-300x225.jpg 300w, https:\/\/www.meyer-einrichtungen.de\/wp-content\/uploads\/2019\/09\/IMG_1725-1024x768-768x576.jpg 768w\" sizes=\"(max-width: 1024px) 100vw, 1024px\" \/><\/figure>\n\n\n\n<figure class=\"wp-block-image\"><img loading=\"lazy\" decoding=\"async\" width=\"768\" height=\"1024\" data-id=\"4350\" src=\"https:\/\/www.meyer-einrichtungen.de\/wp-content\/uploads\/2019\/09\/IMG_3360-e1549385793329-768x1024-768x1024.jpg\" alt=\"\" class=\"wp-image-4350\" srcset=\"https:\/\/www.meyer-einrichtungen.de\/wp-content\/uploads\/2019\/09\/IMG_3360-e1549385793329-768x1024.jpg 768w, https:\/\/www.meyer-einrichtungen.de\/wp-content\/uploads\/2019\/09\/IMG_3360-e1549385793329-768x1024-225x300.jpg 225w\" sizes=\"(max-width: 768px) 100vw, 768px\" \/><\/figure>\n\n\n\n<figure class=\"wp-block-image\"><img loading=\"lazy\" decoding=\"async\" width=\"768\" height=\"1024\" data-id=\"4351\" src=\"https:\/\/www.meyer-einrichtungen.de\/wp-content\/uploads\/2019\/09\/IMG_6957-e1549385769346-768x1024-768x1024.jpg\" alt=\"\" class=\"wp-image-4351\" srcset=\"https:\/\/www.meyer-einrichtungen.de\/wp-content\/uploads\/2019\/09\/IMG_6957-e1549385769346-768x1024.jpg 768w, https:\/\/www.meyer-einrichtungen.de\/wp-content\/uploads\/2019\/09\/IMG_6957-e1549385769346-768x1024-225x300.jpg 225w\" sizes=\"(max-width: 768px) 100vw, 768px\" \/><\/figure>\n<\/figure>\n","protected":false},"excerpt":{"rendered":"<p>Bodenbel\u00e4ge f\u00fcr Ihre Fitness- Gesundheitseinrichtung Bodenbel\u00e4ge im Sportbereich! Gummiboden oder Vinylbelag Ihr kompetente Partner Meyer Fitness- &amp; Objekteinrichtungen<\/p>\n","protected":false},"author":1,"featured_media":4330,"parent":4305,"menu_order":0,"comment_status":"closed","ping_status":"closed","template":"","meta":{"footnotes":""},"class_list":["post-4307","page","type-page","status-publish","has-post-thumbnail","hentry"],"jetpack_sharing_enabled":true,"_links":{"self":[{"href":"https:\/\/www.meyer-einrichtungen.de\/index.php?rest_route=\/wp\/v2\/pages\/4307","targetHints":{"allow":["GET"]}}],"collection":[{"href":"https:\/\/www.meyer-einrichtungen.de\/index.php?rest_route=\/wp\/v2\/pages"}],"about":[{"href":"https:\/\/www.meyer-einrichtungen.de\/index.php?rest_route=\/wp\/v2\/types\/page"}],"author":[{"embeddable":true,"href":"https:\/\/www.meyer-einrichtungen.de\/index.php?rest_route=\/wp\/v2\/users\/1"}],"replies":[{"embeddable":true,"href":"https:\/\/www.meyer-einrichtungen.de\/index.php?rest_route=%2Fwp%2Fv2%2Fcomments&post=4307"}],"version-history":[{"count":4,"href":"https:\/\/www.meyer-einrichtungen.de\/index.php?rest_route=\/wp\/v2\/pages\/4307\/revisions"}],"predecessor-version":[{"id":4557,"href":"https:\/\/www.meyer-einrichtungen.de\/index.php?rest_route=\/wp\/v2\/pages\/4307\/revisions\/4557"}],"up":[{"embeddable":true,"href":"https:\/\/www.meyer-einrichtungen.de\/index.php?rest_route=\/wp\/v2\/pages\/4305"}],"wp:featuredmedia":[{"embeddable":true,"href":"https:\/\/www.meyer-einrichtungen.de\/index.php?rest_route=\/wp\/v2\/media\/4330"}],"wp:attachment":[{"href":"https:\/\/www.meyer-einrichtungen.de\/index.php?rest_route=%2Fwp%2Fv2%2Fmedia&parent=4307"}],"curies":[{"name":"wp","href":"https:\/\/api.w.org\/{rel}","templated":true}]}}