{"id":4305,"date":"2019-09-16T20:23:46","date_gmt":"2019-09-16T18:23:46","guid":{"rendered":"http:\/\/localhost:8080\/?page_id=4305"},"modified":"2019-10-14T13:40:58","modified_gmt":"2019-10-14T11:40:58","slug":"leistungen","status":"publish","type":"page","link":"https:\/\/www.meyer-einrichtungen.de\/?page_id=4305","title":{"rendered":"Leistungen"},"content":{"rendered":"\n<h2 class=\"wp-block-heading\"><strong>Unsere Leistungen<\/strong><br>&#8222;Alles aus einer Hand&#8220;<\/h2>\n\n\n\n<p>Meyer Fitness- &amp; Objekteinrichtungen ist Ihr kompetenter Partner mit umfassenden Leistungen f\u00fcr die komplettem Abschnitte ihres Neubaus, der Umgestaltung oder Sanierung Ihrer R\u00e4umlichkeiten. Unser Leistungsportfolio beginnt schon mit dem ersten Gespr\u00e4ch und endet in einer gemeinsamen Abnahme. Doch selbstverst\u00e4ndlich sind wir auch nach dem Projektabschluss an Ihrer Seite.<br><br><strong>Planungsphase<\/strong><br><em>Planung<\/em><br>Jedes Projekt beginnt mit einer detailierten Planung. Im Vorfeld besprechen wir alle W\u00fcnsche und Details, sodass wir Ihnen zielgerichtet Ideen unterbreiten k\u00f6nnen.<br><br><em>Visualisierung<\/em><br>Aus den Ideen und Vorschl\u00e4gen werden Bilder! Mit Hilfe unserer 3D-Visualisierung setzten wir die besprochenen Punkte so um, dass sie bereits vor Beginn der Arbeiten Ihr fertiges Projekt virtuell begutachten k\u00f6nnen. Auf diese Art und Weise erleben Sie jedes Detail im Vorfeld und k\u00f6nnen gegebenenfalls noch \u00c4nderungen vornehmen, bevor es in die n\u00e4chste Phase geht.<br><br><em>Kalkulation \/ Kosten<\/em>management<br>Um Kosten nicht explodieren zu lassen ist es unser Ziel sie jederzeit transparent \u00fcber die Kosten Ihres Projekts zu informieren. Bereits im Vorfeld legen wir in der Kalkulation den Kostenrahmen fest. Wir \u00fcberwachen diesen st\u00e4ndig.<br>&nbsp;<br><em>Zeitmanagement<\/em><br>Um das Projekt auch m\u00f6glichst schnell umzusetzen legen wir einen Bauzeitenplan fest um Ihnen einen realistischen Anhaltspunkt \u00fcber die Fertigstellung der Arbeiten anbieten zu k\u00f6nnen.<br><br><br><strong>Sanierungsphase<\/strong><br>Abbruch- &amp; <em>Abrissarbeiten<\/em><br>Sobald die Planungsphase beendet ist, geht es an die Arbeit. Meist beginnt es damit die R\u00e4umlichkeiten aufzubereiten. Unsere Partner sorgen daher zun\u00e4chst daf\u00fcr, dass R\u00e4ume entkernt und Altlasten entfernt werden, bevor es so richtig los gehen kann.<br><br><em>Trockenbau<\/em><br>Bei Bedarf f\u00fchren wir s\u00e4mtliche Trockenbauarbeiten durch.<br><br><em>Elektro<\/em>nstallationen<br>Unsere Partnerfirmen k\u00fcmmern sich darum, dass alle elektrischen Voraussetzungen geschaffen werden, um langfristig keine weiteren Elektroarbeiten mehr durchf\u00fchren zu m\u00fcssen, was die Infrastruktur betrifft. Dabei wird auch auf die Anforderungen geachtet, die das entwickelte Beleuchtungskonzept mit sich bringt.<br><br><em>Malerarbeiten<\/em><br>Bereits hier wird das Gesicht Ihres Projekts sichtbar werden. Noch bevor es an das Interieur-Design geht, sollten alle Malerarbeiten abgeschlossen sein.<\/p>\n\n\n\n<p><strong>Umsetzung<br><\/strong><em>Vinyl- &amp; Sportbodenbel\u00e4ge<\/em><br>Zun\u00e4chst legen wir die verschiedenen Gestaltungsm\u00f6glichkeiten der \u00a0<a href=\"https:\/\/www.meyer-einrichtungen.de\/?page_id=4307\">Bodenbel\u00e4ge<\/a> fest, die unterschiedlichen Anforderungen,  um auch langfristigen Halt zu gew\u00e4hrleisten<br><br><em>Beleuchtung<\/em><br>LED Design Objektbeleuchtung: Unser\u00a0<a href=\"https:\/\/www.meyer-einrichtungen.de\/?page_id=4309\">Beleuchtungskonzept<\/a><a rel=\"noreferrer noopener\" aria-label=\" (\u00f6ffnet in neuem Tab)\" href=\"https:\/\/www.meyer-einrichtungen.de\/?page_id=4309\" target=\"_blank\">\u00a0<\/a>ist individuell auf Ihre Bed\u00fcrfnisse abgestimmt. Hier ist ein enormes Einsparpotenzial der Stromkosten. Wir stellen Ihre Anlage ins richtige Licht.<br><br><em>Theken- Empfangsbereich<\/em><br>&#8222;Der erste Eindruck z\u00e4hlt&#8220;.  Durch intelligentes  Theken- und Empfangsdesign schaffen wir eine Wohlf\u00fchlatmosph\u00e4re direkt im Zugangsbereich Ihrer Anlage. <br><br><em>Umkleiden<\/em><br>Bei der Einrichtung der Umkleidebereiche werden alle Komponenten (Schranksysteme, Sitzb\u00e4nke, F\u00f6nablagen) aufeinander abgestimmt. <br><br><em>Trainingsfl\u00e4che<\/em><br>Das Interieurdesign f\u00fcr die Trainingsfl\u00e4chen ist eines der wichtigsten Bestandteile bei der Planung Ihrer Fitnessanlage.  Wir entwickeln zeitgem\u00e4\u00dfe Raum- &amp; Fl\u00e4chenkonzepte. Durch Raumteiler, Wand- &amp; Bodengestaltung k\u00f6nnen R\u00e4umlichkeiten individuell und  thematisch abtgetrennt werden. Zudem entwickeln wir 2-D Zeichnungen f\u00fcr die Ausstattung der Trainingsfl\u00e4che inkl. Ger\u00e4teaufstellung. <br><br><em>Sauna -&amp; Wellnessbereiche<\/em><br>Wir machen Ihren Sauna- &amp; Wellnnesbereich zu einer &#8222;Wohlf\u00fchloase&#8220;. <\/p>\n\n\n\n<p>&#8222;Alles aus einer Hand&#8220; \u2013 von der Planung  bis zur Er\u00f6ffnung!<br><br>Ihr kompetenter Partner Meyer Fitness- &amp; Objekteinrichtungen<\/p>\n","protected":false},"excerpt":{"rendered":"<p>Unsere Leistungen&#8222;Alles aus einer Hand&#8220; Meyer Fitness- &amp; Objekteinrichtungen ist Ihr kompetenter Partner mit umfassenden Leistungen f\u00fcr die komplettem Abschnitte ihres Neubaus, der Umgestaltung oder Sanierung Ihrer R\u00e4umlichkeiten. Unser Leistungsportfolio beginnt schon mit dem ersten Gespr\u00e4ch und endet in einer gemeinsamen Abnahme. Doch selbstverst\u00e4ndlich sind wir auch nach dem Projektabschluss [&hellip;]<\/p>\n","protected":false},"author":1,"featured_media":4330,"parent":0,"menu_order":0,"comment_status":"closed","ping_status":"closed","template":"","meta":{"footnotes":""},"class_list":["post-4305","page","type-page","status-publish","has-post-thumbnail","hentry"],"jetpack_sharing_enabled":true,"_links":{"self":[{"href":"https:\/\/www.meyer-einrichtungen.de\/index.php?rest_route=\/wp\/v2\/pages\/4305","targetHints":{"allow":["GET"]}}],"collection":[{"href":"https:\/\/www.meyer-einrichtungen.de\/index.php?rest_route=\/wp\/v2\/pages"}],"about":[{"href":"https:\/\/www.meyer-einrichtungen.de\/index.php?rest_route=\/wp\/v2\/types\/page"}],"author":[{"embeddable":true,"href":"https:\/\/www.meyer-einrichtungen.de\/index.php?rest_route=\/wp\/v2\/users\/1"}],"replies":[{"embeddable":true,"href":"https:\/\/www.meyer-einrichtungen.de\/index.php?rest_route=%2Fwp%2Fv2%2Fcomments&post=4305"}],"version-history":[{"count":5,"href":"https:\/\/www.meyer-einrichtungen.de\/index.php?rest_route=\/wp\/v2\/pages\/4305\/revisions"}],"predecessor-version":[{"id":4525,"href":"https:\/\/www.meyer-einrichtungen.de\/index.php?rest_route=\/wp\/v2\/pages\/4305\/revisions\/4525"}],"wp:featuredmedia":[{"embeddable":true,"href":"https:\/\/www.meyer-einrichtungen.de\/index.php?rest_route=\/wp\/v2\/media\/4330"}],"wp:attachment":[{"href":"https:\/\/www.meyer-einrichtungen.de\/index.php?rest_route=%2Fwp%2Fv2%2Fmedia&parent=4305"}],"curies":[{"name":"wp","href":"https:\/\/api.w.org\/{rel}","templated":true}]}}